{"id":791,"date":"2016-11-09T07:23:10","date_gmt":"2016-11-09T06:23:10","guid":{"rendered":"http:\/\/absolwencibaltowa.pl\/?page_id=791"},"modified":"2025-09-11T08:08:21","modified_gmt":"2025-09-11T06:08:21","slug":"historia-szkol-rolniczych-w-baltowie-2","status":"publish","type":"page","link":"https:\/\/absolwencibaltowa.pl\/?page_id=791","title":{"rendered":"Historia Szk\u00f3\u0142 Rolniczych w Ba\u0142towie"},"content":{"rendered":"<p>W dniu 6 wrze\u015bnia 1945 roku ,pa\u0142ac,gospodarstwo, park o powierzchni 10 ha,ogr\u00f3d i sad o \u0142\u0105cznej powierzchni 15 ha,oraz 30 ha ziemi\u00a0 ornej przej\u0105\u0142 skarb pa\u0144stwa.<\/p>\n<p>Professionalism &#8211; to-be authors might find it <a href=\"https:\/\/essayswriting.org\/\">professional essay writing services<\/a> difficult to write a research paper.<\/p>\n<ul>\n<li>1946-47 -\u017be\u0144ska Szko\u0142a\u00a0 Gospodarstwa Wiejskiego.Dwuletnia szko\u0142a funkcjonowa\u0142a dwa lata 1948 roku nauczycielem,kierownikiem i\u00a0 instruktorem by\u0142a Pani Rutkowska,<\/li>\n<li>1948 roku dwuletnia \u015arednia Szko\u0142a Rolnicza &#8211; kierownikiem jest Pan Szumiejko,<\/li>\n<li>od 1951 &#8211; Szko\u0142a Praktyk\u00f3w Specjalist\u00f3w &#8211; 11 miesi\u0119czna szko\u0142a dyrektorem Pan Dembowski od pierwszego sierpnia 1951 roku przeniesiona\u00a0 do Chwa\u0142owic,<\/li>\n<li>1951 powstaje od 01-09-1951 r. powstaje czteroletnie Liceum Rolnicze dyrektorem zostaje J\u00f3zef Kmita,<\/li>\n<li>1953 roku szk\u0142a zmienia nazw\u0119 Techniku Rolnicze z dyrektorem J\u00f3zefem Kmit\u0105,<\/li>\n<li>1957\/58 -zmiana z czteroletniego na pi\u0119cioletnie\u00a0\u00a0 dyrektorem zostaje Mieczys\u0142aw\u00a0 Grzyb\u00a0 a od 1959\u00a0 do 1973 roku Edward Bro\u017cek,<\/li>\n<li>1972 zapada decyzja o budowie internatu,<\/li>\n<li>1974- utworzono Zasadnicz\u0105 Szko\u0142\u0119 Ogrodnicz\u0105 i Zasadnicz\u0105 Szko\u0142\u0119\u00a0 Rolnicz\u0105 dyrektorem zostaje Jan Kryniewicz,<\/li>\n<li>19 75 &#8211; oddano do u\u017cytku internat oraz dwa bloki domu nauczyciela,<\/li>\n<li>1975\/76 utworzono\u00a0 3-letnie Technikum Rolnicze,<\/li>\n<li>1976\/77 utworzono\u00a0 3-letnie Technikum Ogrodnicze,<\/li>\n<li>1976\/1977 zbudowano sale gimnastyczn\u0105<\/li>\n<li>01-01-1977 zostaje utworzony Zesp\u00f3\u0142 Szk\u00f3\u0142 Rolniczych, z Zasadniczymi Szko\u0142ami Rolniczymi w Rzepinie, Mominie,Wa\u015bniowie, \u015awi\u0119tomarzy, \u0141agowie,<\/li>\n<li>1977\/78 w ramach Zespo\u0142u zostaje utworzone\u00a0\u00a0 dwuletnie Policealne Studium Ogrodnicze,<\/li>\n<li>1985 -zostaje utworzone 5-letnie Technikum Ogrodnicze dyrektorem zespo\u0142u od 1980\u00a0 roku jest Zdzis\u0142aw Czarnecki,<\/li>\n<li>1999 roku park i pa\u0142ac zostaje przekazany pod zarz\u0105d powiatu ostrowieckiego,<\/li>\n<li>1999\u00a0 roku uruchomiono Liceum Zawodowe, oraz\u00a0 5-letnie Liceum Agrobiznesu,<\/li>\n<li>od 01-09-1999 r.uruchomiono\u00a0 fili\u0119 ZSR w Kobylanach,<\/li>\n<li>2000\/2001 brak naboru,<\/li>\n<li>w 2002 roku w miejsce Zespo\u0142u\u00a0 Szk\u00f3\u0142 Rolniczych zostaje utworzony Zesp\u00f3l Szk\u00f3\u0142 Ponadgimnazjalnych o kierunkach-Technik Rolnik,Ogrodnik, Technik Le\u015bnik,Technik Architektury Krajobrazu, Technik Obs\u0142ugi Turystycznej,<\/li>\n<li>od 2006 roku Dyrektorem Zespo\u0142u Szk\u00f3l Rolniczych jest Jaros\u0142aw Choda\u0142a<\/li>\n<li>w roku 2013 szko\u0142a ko\u0144czy sw\u0105\u00a0 67 -letni\u0105 dzia\u0142alno\u015b\u0107.<\/li>\n<\/ul>\n","protected":false},"excerpt":{"rendered":"<p>W dniu 6 wrze\u015bnia 1945 roku ,pa\u0142ac,gospodarstwo, park o powierzchni 10 ha,ogr\u00f3d i sad o \u0142\u0105cznej powierzchni 15 ha,oraz 30 ha ziemi\u00a0 ornej przej\u0105\u0142 skarb pa\u0144stwa. Professionalism &#8211; to-be authors might find it professional essay writing services difficult to write a research paper. 1946-47 -\u017be\u0144ska Szko\u0142a\u00a0 Gospodarstwa Wiejskiego.Dwuletnia szko\u0142a funkcjonowa\u0142a dwa lata 1948 roku nauczycielem,kierownikiem [&hellip;]<\/p>\n","protected":false},"author":1,"featured_media":0,"parent":134,"menu_order":0,"comment_status":"closed","ping_status":"closed","template":"","meta":{"ngg_post_thumbnail":0,"footnotes":""},"class_list":["post-791","page","type-page","status-publish","hentry"],"_links":{"self":[{"href":"https:\/\/absolwencibaltowa.pl\/index.php?rest_route=\/wp\/v2\/pages\/791","targetHints":{"allow":["GET"]}}],"collection":[{"href":"https:\/\/absolwencibaltowa.pl\/index.php?rest_route=\/wp\/v2\/pages"}],"about":[{"href":"https:\/\/absolwencibaltowa.pl\/index.php?rest_route=\/wp\/v2\/types\/page"}],"author":[{"embeddable":true,"href":"https:\/\/absolwencibaltowa.pl\/index.php?rest_route=\/wp\/v2\/users\/1"}],"replies":[{"embeddable":true,"href":"https:\/\/absolwencibaltowa.pl\/index.php?rest_route=%2Fwp%2Fv2%2Fcomments&post=791"}],"version-history":[{"count":1,"href":"https:\/\/absolwencibaltowa.pl\/index.php?rest_route=\/wp\/v2\/pages\/791\/revisions"}],"predecessor-version":[{"id":17914,"href":"https:\/\/absolwencibaltowa.pl\/index.php?rest_route=\/wp\/v2\/pages\/791\/revisions\/17914"}],"up":[{"embeddable":true,"href":"https:\/\/absolwencibaltowa.pl\/index.php?rest_route=\/wp\/v2\/pages\/134"}],"wp:attachment":[{"href":"https:\/\/absolwencibaltowa.pl\/index.php?rest_route=%2Fwp%2Fv2%2Fmedia&parent=791"}],"curies":[{"name":"wp","href":"https:\/\/api.w.org\/{rel}","templated":true}]}}