{"id":7,"date":"2015-05-26T09:49:23","date_gmt":"2015-05-26T07:49:23","guid":{"rendered":"http:\/\/absolwencibaltowa.pl\/?page_id=7"},"modified":"2015-05-26T09:49:23","modified_gmt":"2015-05-26T07:49:23","slug":"dokumenty","status":"publish","type":"page","link":"https:\/\/absolwencibaltowa.pl\/?page_id=7","title":{"rendered":"Dokumenty"},"content":{"rendered":"<ul>\n<li><a href=\"http:\/\/absolwencibaltowa.pl\/pliki\/dek1.docx\" target=\"_blank\" rel=\"noopener noreferrer\">DEKLARACJA CZ\u0141ONKOWSKA &#8211; status cz\u0142onka zwyczajnego<\/a><\/li>\n<li><a href=\"http:\/\/absolwencibaltowa.pl\/pliki\/dek2.docx\" target=\"_blank\" rel=\"noopener noreferrer\">DEKLARACJA CZ\u0141ONKOWSKA &#8211; status cz\u0142onka wspieraj\u0105cego-przyjaciela<\/a><\/li>\n<li><a href=\"http:\/\/absolwencibaltowa.pl\/pliki\/protokoly.docx\" target=\"_blank\" rel=\"noopener noreferrer\">Protok\u00f3\u0142 z zebrania za\u0142o\u017cycielskiego Stowarzyszenia Absolwent\u00f3w i Przyjaci\u00f3\u0142 Szk\u00f3\u0142 Rolniczych w Ba\u0142towie \u201ePa\u0142acowe wzg\u00f3rze\u201d<\/a><\/li>\n<li><a href=\"http:\/\/absolwencibaltowa.pl\/pliki\/statut.docx\" target=\"_blank\" rel=\"noopener noreferrer\">Statut Stowarzyszenia Absolwent\u00f3w i Przyjaci\u00f3\u0142 Szk\u00f3\u0142 Rolniczych \u201ePa\u0142acowe wzg\u00f3rze\u201d w Ba\u0142towie<\/a><\/li>\n<li><a href=\"http:\/\/absolwencibaltowa.pl\/pliki\/list.docx\">List do Przyjaci\u00f3\u0142<\/a><\/li>\n<\/ul>\n<p>&nbsp;<\/p>\n","protected":false},"excerpt":{"rendered":"<p>DEKLARACJA CZ\u0141ONKOWSKA &#8211; status cz\u0142onka zwyczajnego DEKLARACJA CZ\u0141ONKOWSKA &#8211; status cz\u0142onka wspieraj\u0105cego-przyjaciela Protok\u00f3\u0142 z zebrania za\u0142o\u017cycielskiego Stowarzyszenia Absolwent\u00f3w i Przyjaci\u00f3\u0142 Szk\u00f3\u0142 Rolniczych w Ba\u0142towie \u201ePa\u0142acowe wzg\u00f3rze\u201d Statut Stowarzyszenia Absolwent\u00f3w i Przyjaci\u00f3\u0142 Szk\u00f3\u0142 Rolniczych \u201ePa\u0142acowe wzg\u00f3rze\u201d w Ba\u0142towie List do Przyjaci\u00f3\u0142 &nbsp;<\/p>\n","protected":false},"author":1,"featured_media":0,"parent":0,"menu_order":0,"comment_status":"closed","ping_status":"closed","template":"","meta":{"ngg_post_thumbnail":0,"footnotes":""},"class_list":["post-7","page","type-page","status-publish","hentry"],"_links":{"self":[{"href":"https:\/\/absolwencibaltowa.pl\/index.php?rest_route=\/wp\/v2\/pages\/7","targetHints":{"allow":["GET"]}}],"collection":[{"href":"https:\/\/absolwencibaltowa.pl\/index.php?rest_route=\/wp\/v2\/pages"}],"about":[{"href":"https:\/\/absolwencibaltowa.pl\/index.php?rest_route=\/wp\/v2\/types\/page"}],"author":[{"embeddable":true,"href":"https:\/\/absolwencibaltowa.pl\/index.php?rest_route=\/wp\/v2\/users\/1"}],"replies":[{"embeddable":true,"href":"https:\/\/absolwencibaltowa.pl\/index.php?rest_route=%2Fwp%2Fv2%2Fcomments&post=7"}],"version-history":[{"count":0,"href":"https:\/\/absolwencibaltowa.pl\/index.php?rest_route=\/wp\/v2\/pages\/7\/revisions"}],"wp:attachment":[{"href":"https:\/\/absolwencibaltowa.pl\/index.php?rest_route=%2Fwp%2Fv2%2Fmedia&parent=7"}],"curies":[{"name":"wp","href":"https:\/\/api.w.org\/{rel}","templated":true}]}}