{"id":177,"date":"2015-07-10T16:25:24","date_gmt":"2015-07-10T14:25:24","guid":{"rendered":"http:\/\/absolwencibaltowa.pl\/?page_id=177"},"modified":"2015-07-10T16:25:24","modified_gmt":"2015-07-10T14:25:24","slug":"baltow","status":"publish","type":"page","link":"https:\/\/absolwencibaltowa.pl\/?page_id=177","title":{"rendered":"Historia Ba\u0142towa"},"content":{"rendered":"<p>Spo\u015br\u00f3d wielu pi\u0119knych miejscowo\u015bci le\u017c\u0105cych u st\u00f3p G\u00f3r \u015awi\u0119tokrzyskich na Przedg\u00f3rzu I\u0142\u017ceckim, zalesionym resztkami puszczy o tej\u017ce historycznej nazwie, napotykamy Ba\u0142t\u00f3w i przyleg\u0142e wioski tworz\u0105ce odr\u0119bn\u0105 jednostk\u0119 administracyjn\u0105. Region ten wyr\u00f3\u017cnia si\u0119 pag\u00f3rkowat\u0105 konfiguracj\u0105 terenu z licznymi urokliwymi w\u0105wozami i r\u00f3\u017cnorodn\u0105 szat\u0105 ro\u015blinn\u0105 z pojedynczymi, wiekowymi okazami starego drzewostanu modrzewia i d\u0119b\u00f3w.<!--more--> Turysta na pewno spotka liczne, odkrywkowe kopalnie kamienia ze stoj\u0105cymi tu\u017c obok wapiennikami. Dolin\u0119 wy\u017c\u0142obion\u0105 przez miliony lat wodami rzeki Kamiennej okalaj\u0105 lasy mieszane i wzg\u00f3rza, kt\u00f3rych to widok wzbudzi zachwyt niejednego w\u0119drowca. Pi\u0119kne widoki z ka\u017cdej pory roku mo\u017cna uwieczni\u0107, utrwali\u0107 w postaci obraz\u00f3w, zdj\u0119\u0107, rze\u017ab. W tej okolicy spotyka si\u0119 wiele \u017ar\u00f3de\u0142ek zasilaj\u0105cych g\u0142\u00f3wny nurt Kamiennej. Czysta woda z nich pochodz\u0105ca jest u\u017cywana przez okoliczn\u0105 ludno\u015b\u0107, a tak\u017ce podtrzymuje bujn\u0105 ro\u015blinno\u015b\u0107 rosn\u0105c\u0105 na \u0142\u0105kach, bagnach i torfowiskach doliny. Urodzajna w wod\u0119 okolica i stanowi\u0105cy schronienie las obfitowa\u0142 niegdy\u015b w wiele gatunk\u00f3w zwierzyny \u0142ownej. Jeszcze dzi\u015b spotka\u0107 mo\u017cna pi\u0119kne okazy jelenia, sarny, dzika i innych drobnych ssak\u00f3w, a niekt\u00f3rzy twierdz\u0105, \u017ce okolice upodoba\u0142 sobie nawet b\u00f3br. Okalaj\u0105ce lasy, \u0142\u0105ki i bagna doliny s\u0105 siedliskiem wielu gatunk\u00f3w ptak\u00f3w, w tym drapie\u017cnych. Ozdob\u0105 mo\u017ce by\u0107 cietrzew, jastrz\u0105b i rzadko spotykany bocian czarny dumnie krocz\u0105cy po zielonych \u0142\u0105kach. Cho\u0107 rzeka Kamienna nie jest uregulowana, to jednak wida\u0107 ingerencj\u0119 cz\u0142owieka w tutejsz\u0105 przyrod\u0119. Krajobrazowi dodaj\u0105 kolorytu pasiaki p\u00f3l obsianych r\u00f3\u017cnymi gatunkami ro\u015blin, co w okresie wegetacji daje niezwyk\u0142y kalejdoskop barw. Biel kwitn\u0105cej gryki s\u0105siaduje ze z\u0142ocieniem rzepaku i srebrem licznych gatunk\u00f3w zb\u00f3\u017c. Przygl\u0105daj\u0105c si\u0119 dok\u0142adniej plantacjom ro\u015blin, dostrzegamy kolorowe chwasty takie jak: niebieskie chabry, czerwone maki, bia\u0142e rumianki stanowi\u0105ce na tle kolorowych upraw jakoby kwiecisty dywan. W\u0119drowcy latem w\u015br\u00f3d tych upraw poczuj\u0105 zapach miododajnych ro\u015blin, paruj\u0105cej ziemi, a\u00a0 na twarzy ch\u0142\u00f3d powiewu wiatru.<\/p>\n<p>Pierwsze \u015blady cz\u0142owieka w tej okolicy datuj\u0105 si\u0119 na starsz\u0105 epok\u0119 kamienn\u0105 (paleolit).Tereny dorzecza rzeki Kamiennej zajmowane by\u0142y przez w\u0119druj\u0105ce grupy koczownik\u00f3w, kt\u00f3rzy znale\u017ali w okolicznych lasach siedlisko bogate we wspomnian\u0105 ju\u017c zwierzyn\u0119 \u0142own\u0105, wilki, a nawet nied\u017awiedzie; wszelkie ptactwo i rzeczne ryby; ca\u0142\u0105 palet\u0119 runa le\u015bnego, \u017cywice, mi\u00f3d, grzyby, jagody, je\u017cyny; zio\u0142a i inne sk\u0142adniki niezb\u0119dne do urozmaicenia jednostronnego po\u017cywienia. Nie brakowa\u0142o budulca na sza\u0142asy, jurty i ziemianki. Pod dostatkiem by\u0142o krzemienia, drewna, kamienia i g\u0142az\u00f3w do sporz\u0105dzania prostych narz\u0119dzi i niezb\u0119dnej broni. W ziemi ba\u0142towskiej archeolodzy odnale\u017ali \u015blady obozowisk tego typu sprzed ok. 35 tysi\u0119cy lat. W okresie neolitu jak dot\u0105d nie stwierdzono \u015blad\u00f3w bytowania cz\u0142owieka. Znaleziska z ca\u0142\u0105 pewno\u015bci\u0105 potwierdzaj\u0105, \u017ce obszary te by\u0142y zasiedlone przez przedstawicieli kultury przeworskiej w okresie rzymskim ( II &#8211; III w. n.e.) My\u015bliwi, wi\u0119c osiedlili si\u0119, a wypalaj\u0105c i karczuj\u0105c lasy podejmowali upraw\u0119 roli za pomoc\u0105 narz\u0119dzi r\u0119cznych, a potem sochy. Si\u0142\u0105 poci\u0105gow\u0105 by\u0142y krowy, wo\u0142y, a w ko\u0144cu\u00a0 konie. Pierwsze uprawiane ro\u015bliny to proso, len, tatarka, owies, \u017cyto, potem pszenica. Byd\u0142o i konie oraz owce mia\u0142y naturalne pastwiska rzeczne, cz\u0119sto zalewowe; wypasano je r\u00f3wnie\u017c po lasach. Oczywi\u015bcie nie zrezygnowano z my\u015blistwa, zbieractwa i rybo\u0142\u00f3wstwa. Naturalne ukszta\u0142towanie terenu, okoliczne lasy, blisko\u015b\u0107 rzeki stanowi\u0142y niezb\u0119dn\u0105 gwarancje bezpiecze\u0144stwa. Osadnicy posiedli r\u00f3wnie\u017c umiej\u0119tno\u015b\u0107 wytopu i obr\u00f3bki \u017celaza, o czym \u015bwiadcz\u0105 odkrycia archeologiczne w Rudce Ba\u0142towskiej.<\/p>\n<p>Tak naprawd\u0119 z mroku dziej\u00f3w ziemia ba\u0142towska wy\u0142ania si\u0119 dopiero oko\u0142o wieku XI, a to za spraw\u0105 ko\u015bcio\u0142a w Ba\u0142towie. Pierwsze \u017ar\u00f3d\u0142a pisane pochodz\u0105 z 1326 roku. Akta s\u0105dowe wzmiankuj\u0105 o wsi Ba\u0142t\u00f3w i miejscowym ko\u015bciele. Archidiakon z Zawichostu Marcin wymienia plebana ba\u0142towskiego Wac\u0142awa. R\u00f3wnie\u017c Jan D\u0142ugosz w swoich Annales seu cronicae incliti Regni Poloniae odnotowuje Ba\u0142t\u00f3w. Wed\u0142ug kronikarza ofiarodawc\u0105, fundatorem ba\u0142towskiego ko\u015bcio\u0142a pod wezwaniem \u015bwi\u0119tego Andrzeja by\u0142 Warsz herbu Rawa. W owym czasie wie\u015b obarczona by\u0142a roczn\u0105 dziesi\u0119cin\u0105 na rzecz ko\u015bcio\u0142a w wysoko\u015bci 10 grzywien, czyli oko\u0142o 480 srebrnych monet (groszy praskich), ka\u017cda o wadze ok. 4 g.<\/p>\n<p>W przybli\u017ceniu folwark, karczma i kmiecie dostarczali ko\u015bcio\u0142owi oko\u0142o 2 kilogram\u00f3w srebra rocznie. Zapiski annalist\u00f3w potwierdzaj\u0105, i\u017c w 1431r. dziedzicem Sienna i Ba\u0142towa by\u0142 Dobies\u0142aw Ole\u015bnicki. W dobie Rzeczpospolite Obojga Narod\u00f3w, Ba\u0142t\u00f3w kolejno przechodzi do r\u0105k mo\u017cnow\u0142adczych rodzin Chom\u0119towskich, Pieni\u0105\u017ck\u00f3w herbu Odrow\u0105\u017c, Ma\u0142achowskich, by po bezpotomnej \u015bmierci Jacka z Dukli Ma\u0142achowskiego w 1821 r. poprzez Franciszk\u0119 z hrabi\u00f3w Ma\u0142achowskich Dunin \u2013 Karwick\u0105 trafi\u0107 w na kr\u00f3tko w r\u0119ce tej ostatniej rodziny. Ostatecznie w wyniku zakupu z dnia 7 stycznia 1829 roku \u0106miel\u00f3w, Ba\u0142t\u00f3w i Sadowie sta\u0142y si\u0119 dobrami dziedzicznymi rodziny Druckich \u2013 Lubeckich.<\/p>\n<p><figure id=\"attachment_190\" aria-describedby=\"caption-attachment-190\" style=\"width: 120px\" class=\"wp-caption alignleft\"><a href=\"http:\/\/absolwencibaltowa.pl\/wp-content\/uploads\/2015\/07\/rawa.png\"><img loading=\"lazy\" decoding=\"async\" class=\"size-full wp-image-190\" src=\"http:\/\/absolwencibaltowa.pl\/wp-content\/uploads\/2015\/07\/rawa.png\" alt=\"Rawa, Rawicz - herb Warsza\" width=\"120\" height=\"154\" \/><\/a><figcaption id=\"caption-attachment-190\" class=\"wp-caption-text\">Rawa, Rawicz &#8211; herb Warsza<\/figcaption><\/figure> <figure id=\"attachment_191\" aria-describedby=\"caption-attachment-191\" style=\"width: 115px\" class=\"wp-caption alignleft\"><img loading=\"lazy\" decoding=\"async\" class=\"size-full wp-image-191\" src=\"http:\/\/absolwencibaltowa.pl\/wp-content\/uploads\/2015\/07\/debno.png\" alt=\"D\u0119bno \u2013 herb rodziny Ole\u015bnickich\" width=\"115\" height=\"156\" \/><figcaption id=\"caption-attachment-191\" class=\"wp-caption-text\">D\u0119bno \u2013 herb rodziny Ole\u015bnickich<\/figcaption><\/figure> <figure id=\"attachment_192\" aria-describedby=\"caption-attachment-192\" style=\"width: 122px\" class=\"wp-caption alignleft\"><img loading=\"lazy\" decoding=\"async\" class=\"size-full wp-image-192\" src=\"http:\/\/absolwencibaltowa.pl\/wp-content\/uploads\/2015\/07\/lis.png\" alt=\"Lis \u2013 herb rodziny Chom\u0119towskich\" width=\"122\" height=\"167\" \/><figcaption id=\"caption-attachment-192\" class=\"wp-caption-text\">Lis \u2013 herb rodziny Chom\u0119towskich<\/figcaption><\/figure> <figure id=\"attachment_193\" aria-describedby=\"caption-attachment-193\" style=\"width: 120px\" class=\"wp-caption alignleft\"><img loading=\"lazy\" decoding=\"async\" class=\"size-full wp-image-193\" src=\"http:\/\/absolwencibaltowa.pl\/wp-content\/uploads\/2015\/07\/nalecz.png\" alt=\"Na\u0142\u0119cz \u2013 herb rodziny Ma\u0142achowskich\" width=\"120\" height=\"150\" \/><figcaption id=\"caption-attachment-193\" class=\"wp-caption-text\">Na\u0142\u0119cz \u2013 herb rodziny Ma\u0142achowskich<\/figcaption><\/figure> <figure id=\"attachment_194\" aria-describedby=\"caption-attachment-194\" style=\"width: 114px\" class=\"wp-caption alignleft\"><img loading=\"lazy\" decoding=\"async\" class=\"size-full wp-image-194\" src=\"http:\/\/absolwencibaltowa.pl\/wp-content\/uploads\/2015\/07\/odrowaz.png\" alt=\"Odrow\u0105\u017c \u2013 herb rodziny Pieni\u0105\u017ck\u00f3w\" width=\"114\" height=\"169\" \/><figcaption id=\"caption-attachment-194\" class=\"wp-caption-text\">Odrow\u0105\u017c \u2013 herb rodziny Pieni\u0105\u017ck\u00f3w<\/figcaption><\/figure> <figure id=\"attachment_195\" aria-describedby=\"caption-attachment-195\" style=\"width: 118px\" class=\"wp-caption alignleft\"><img loading=\"lazy\" decoding=\"async\" class=\"size-full wp-image-195\" src=\"http:\/\/absolwencibaltowa.pl\/wp-content\/uploads\/2015\/07\/druck.png\" alt=\"Druck \u2013 herb rodziny Druckich - Lubeckich\" width=\"118\" height=\"148\" \/><figcaption id=\"caption-attachment-195\" class=\"wp-caption-text\">Druck \u2013 herb rodziny Druckich &#8211; Lubeckich<\/figcaption><\/figure><\/p>\n<p>Po drugiej wojnie \u015bwiatowej postanowiono zagospodarowa\u0107 opuszczony pa\u0142ac ksi\u0105\u017c\u0105t Druckich \u2013 Lubeckich. Pocz\u0105tkowo obiekt ten sta\u0142 si\u0119 siedzib\u0105 w\u0142adz administracyjnych. W 1948 roku przeznaczono go na cele o\u015bwiatowe. Powo\u0142ano szko\u0142y o profilu rolniczym, kt\u00f3re dzia\u0142a\u0142y a\u017c do 2014 roku. W mi\u0119dzyczasie powsta\u0142 nowy obiekt szkolny z internatem i hal\u0105 sportow\u0105. W obu obiektach nauk\u0119 uko\u0144czy\u0142o 4901 absolwent\u00f3w o r\u00f3\u017cnych specjalno\u015bciach.<\/p>\n<p>W 2014 roku grupa by\u0142ych uczni\u00f3w przy pomocy nauczycieli i wychowawc\u00f3w powo\u0142a\u0142a do \u017cycia Stowarzyszenia Absolwent\u00f3w i Przyjaci\u00f3\u0142 Szk\u00f3\u0142 Rolniczych \u201ePa\u0142acowe wzg\u00f3rze\u201d. Wszystkich absolwent\u00f3w zach\u0119camy do przesy\u0142ania pami\u0105tek, zdj\u0119\u0107, wspomnie\u0144 o latach pobytu i nauki w murach szkolnych.<\/p>\n<p>W oparciu o uzyskane dokumenty Stowarzyszenie pragnie wyda\u0107 monografi\u0119, w kt\u00f3rej zamier<\/p>\n<p>za umie\u015bci\u0107 wykaz absolwent\u00f3w, kadry pedagogicznej i wychowawczej. Ponadto pragnie organizowa\u0107 okresowe spotkania, zjazdy wszystkich zainteresowanych.<\/p>\n<p>Mamy nadziej\u0119, \u017ce po przywr\u00f3ceniu blasku \u015bwietno\u015bci, pa\u0142ac ksi\u0105\u017c\u0105t ugo\u015bci przyby\u0142ych, kt\u00f3rzy b\u0119d\u0105 mogli powr\u00f3ci\u0107 wspomnieniami do lat m\u0142odo\u015bci. <br \/>Aktualnie Ba\u0142t\u00f3w oferuje turystom nie tylko zwiedzenie Jura Parku, ale serwuje inne atrakcje: sp\u0142yw tratwami rzek\u0105 Kamienn\u0105, przejazd kolejk\u0105, nowoczesn\u0105 baz\u0119 noclegow\u0105 (gospodarstwa agroturystyczne i hotele) i gastronomiczn\u0105. <br \/>Warto, wi\u0119c nawi\u0105za\u0107 wsp\u00f3\u0142prac\u0119 ze Stowarzyszeniem i odwiedzi\u0107 ten malowniczy zak\u0105tek ziemi \u015bwi\u0119tokrzyskiej.<\/p>\n<p><figure id=\"attachment_183\" aria-describedby=\"caption-attachment-183\" style=\"width: 589px\" class=\"wp-caption aligncenter\"><img loading=\"lazy\" decoding=\"async\" class=\"wp-image-183 size-full\" src=\"http:\/\/absolwencibaltowa.pl\/wp-content\/uploads\/2015\/07\/palac.png\" alt=\"test\" width=\"589\" height=\"406\" \/><figcaption id=\"caption-attachment-183\" class=\"wp-caption-text\">Pa\u0142ac ksi\u0105\u017c\u0105t Druckich \u2013 Lubeckich \u2013 siedziba szk\u00f3\u0142 rolniczych. Rok 1975.<\/figcaption><\/figure> <figure id=\"attachment_186\" aria-describedby=\"caption-attachment-186\" style=\"width: 531px\" class=\"wp-caption aligncenter\"><img loading=\"lazy\" decoding=\"async\" class=\"wp-image-186 size-full\" src=\"http:\/\/absolwencibaltowa.pl\/wp-content\/uploads\/2015\/07\/2.png\" alt=\"Nowy budynek Zespo\u0142u Szk\u00f3\u0142 Rolniczych w Ba\u0142towie.  Za ZSR Ba\u0142t\u00f3w na Facebooku\" width=\"531\" height=\"398\" \/><figcaption id=\"caption-attachment-186\" class=\"wp-caption-text\">Nowy budynek Zespo\u0142u Szk\u00f3\u0142 Rolniczych w Ba\u0142towie.<br \/> Za ZSR Ba\u0142t\u00f3w na Facebooku<\/figcaption><\/figure> <figure id=\"attachment_187\" aria-describedby=\"caption-attachment-187\" style=\"width: 505px\" class=\"wp-caption aligncenter\"><img loading=\"lazy\" decoding=\"async\" class=\"wp-image-187 size-full\" src=\"http:\/\/absolwencibaltowa.pl\/wp-content\/uploads\/2015\/07\/ddd.png\" alt=\"Lwy przed wej\u015bciem do pa\u0142acu, niestety skradzione w 2007 roku.  Za http:\/\/eksploratorzy.com.pl\/viewtopic.php?f=5&amp;t=1821 \" width=\"505\" height=\"392\" \/><figcaption id=\"caption-attachment-187\" class=\"wp-caption-text\">Lwy przed wej\u015bciem do pa\u0142acu, niestety skradzione w 2007 roku.<br \/> Za http:\/\/eksploratorzy.com.pl\/viewtopic.php?f=5&amp;t=1821<\/figcaption><\/figure><\/p>\n<p style=\"text-align: right;\">Jan Chodzy\u0144ski<\/p>\n","protected":false},"excerpt":{"rendered":"<p>Spo\u015br\u00f3d wielu pi\u0119knych miejscowo\u015bci le\u017c\u0105cych u st\u00f3p G\u00f3r \u015awi\u0119tokrzyskich na Przedg\u00f3rzu I\u0142\u017ceckim, zalesionym resztkami puszczy o tej\u017ce historycznej nazwie, napotykamy Ba\u0142t\u00f3w i przyleg\u0142e wioski tworz\u0105ce odr\u0119bn\u0105 jednostk\u0119 administracyjn\u0105. Region ten wyr\u00f3\u017cnia si\u0119 pag\u00f3rkowat\u0105 konfiguracj\u0105 terenu z licznymi urokliwymi w\u0105wozami i r\u00f3\u017cnorodn\u0105 szat\u0105 ro\u015blinn\u0105 z pojedynczymi, wiekowymi okazami starego drzewostanu modrzewia i d\u0119b\u00f3w.<\/p>\n","protected":false},"author":1,"featured_media":0,"parent":134,"menu_order":0,"comment_status":"closed","ping_status":"closed","template":"","meta":{"ngg_post_thumbnail":0,"footnotes":""},"class_list":["post-177","page","type-page","status-publish","hentry"],"_links":{"self":[{"href":"https:\/\/absolwencibaltowa.pl\/index.php?rest_route=\/wp\/v2\/pages\/177","targetHints":{"allow":["GET"]}}],"collection":[{"href":"https:\/\/absolwencibaltowa.pl\/index.php?rest_route=\/wp\/v2\/pages"}],"about":[{"href":"https:\/\/absolwencibaltowa.pl\/index.php?rest_route=\/wp\/v2\/types\/page"}],"author":[{"embeddable":true,"href":"https:\/\/absolwencibaltowa.pl\/index.php?rest_route=\/wp\/v2\/users\/1"}],"replies":[{"embeddable":true,"href":"https:\/\/absolwencibaltowa.pl\/index.php?rest_route=%2Fwp%2Fv2%2Fcomments&post=177"}],"version-history":[{"count":0,"href":"https:\/\/absolwencibaltowa.pl\/index.php?rest_route=\/wp\/v2\/pages\/177\/revisions"}],"up":[{"embeddable":true,"href":"https:\/\/absolwencibaltowa.pl\/index.php?rest_route=\/wp\/v2\/pages\/134"}],"wp:attachment":[{"href":"https:\/\/absolwencibaltowa.pl\/index.php?rest_route=%2Fwp%2Fv2%2Fmedia&parent=177"}],"curies":[{"name":"wp","href":"https:\/\/api.w.org\/{rel}","templated":true}]}}