{"id":17605,"date":"2023-05-02T20:45:12","date_gmt":"2023-05-02T18:45:12","guid":{"rendered":"http:\/\/absolwencibaltowa.pl\/?page_id=17605"},"modified":"2023-05-02T20:45:12","modified_gmt":"2023-05-02T18:45:12","slug":"zarzad","status":"publish","type":"page","link":"https:\/\/absolwencibaltowa.pl\/?page_id=17605","title":{"rendered":"Zarz\u0105d"},"content":{"rendered":"<p><strong><span style=\"font-size: large;\">Sk\u0142ad Zarz\u0105du Stowarzyszenia kadencja na lata 2022 -2026<\/span><\/strong><\/p>\n<ol>\n<li style=\"list-style-type: none;\">\n<ol>\n<li style=\"list-style-type: none;\">\n<ol>\n<li style=\"list-style-type: none;\">\n<ol>\n<li style=\"list-style-type: none;\">\n<ol>\n<li>\n<p><span style=\"font-size: large;\">Zapolska Aurelia \u2013 Prezes<\/span><\/p>\n<\/li>\n<li>\n<p><span style=\"font-size: large;\">Pastuszka Lidia \u2013 V-ce Prezes<\/span><\/p>\n<\/li>\n<li>\n<p><span style=\"font-size: large;\">Hara\u017cny Kazimierz \u2013 V-ce Prezes<\/span><\/p>\n<\/li>\n<li>\n<p><span style=\"font-size: large;\">St\u0119pie\u0144 Maria \u2013 Sekretarz<\/span><\/p>\n<\/li>\n<li>\n<p><span style=\"font-size: large;\">Choda\u0142a Jaros\u0142aw \u2013 Skarbnik<\/span><\/p>\n<\/li>\n<li>\n<p><span style=\"font-size: large;\">Basak Jaros\u0142aw \u2013 Cz\u0142onek Zarz\u0105du<\/span><\/p>\n<\/li>\n<li>\n<p><span style=\"font-size: large;\">G\u00f3rniak Micha\u0142 \u2013 Cz\u0142onek Zarz\u0105du<\/span><\/p>\n<\/li>\n<li>\n<p><span style=\"font-size: large;\">Kawa\u0142ek Tadeusz \u2013 Cz\u0142onek Zarz\u0105du<\/span><\/p>\n<\/li>\n<li>\n<p><span style=\"font-size: large;\">Pawlak Wies\u0142aw \u2013 Cz\u0142onek Zarz\u0105du<\/span><\/p>\n<\/li>\n<li>\n<p><span style=\"font-size: large;\">Turek Jan \u2013 Cz\u0142onek Zarz\u0105du<\/span><\/p>\n<\/li>\n<\/ol>\n<\/li>\n<\/ol>\n<\/li>\n<\/ol>\n<\/li>\n<\/ol>\n<\/li>\n<\/ol>\n<p><span style=\"font-size: large;\"><b>Komisja Rewizyjna<\/b><\/span><\/p>\n<ol>\n<li style=\"list-style-type: none;\">\n<ol>\n<li style=\"list-style-type: none;\">\n<ol>\n<li style=\"list-style-type: none;\">\n<ol>\n<li style=\"list-style-type: none;\">\n<ol>\n<li>\n<p><span style=\"font-size: large;\">Lichocki Andrzej \u2013 Przewodnicz\u0105cy Komisji<\/span><\/p>\n<\/li>\n<li>\n<p><span style=\"font-size: large;\">Ba\u0144cerowski Jan \u2013 cz\u0142onek<\/span><\/p>\n<\/li>\n<li>\n<p><span style=\"font-size: large;\">Ga\u0142czy\u0144ski Adam \u2013 cz\u0142onek<\/span><\/p>\n<\/li>\n<li>\n<p><span style=\"font-size: large;\">Ga\u0142ka W\u0142adys\u0142aw \u2013 cz\u0142onek<\/span><\/p>\n<\/li>\n<li>\n<p><span style=\"font-size: large;\">\u0141yczak Zbigniew \u2013 cz\u0142onek<\/span><\/p>\n<\/li>\n<\/ol>\n<\/li>\n<\/ol>\n<\/li>\n<\/ol>\n<\/li>\n<\/ol>\n<\/li>\n<\/ol>\n<p><span style=\"font-size: large;\"><b>Dane do kontaktu<\/b><\/span><\/p>\n<ol>\n<li style=\"list-style-type: none;\">\n<ol>\n<li>\n<p><span style=\"font-size: large;\">Zapolska Aurelia 504\u00a0119\u00a0044 <\/span><span style=\"color: #0563c1;\"><u><a href=\"mailto:zapolskaaurelia@gmail.com\" target=\"_top\" rel=\"noopener noreferrer\"><span style=\"font-size: large;\">zapolskaaurelia@gmail.com<\/span><\/a><\/u><\/span><\/p>\n<\/li>\n<li>\n<p><span style=\"font-size: large;\">Pastuszka Lidia 501\u00a0313\u00a0642 <\/span><span style=\"color: #0563c1;\"><u><a href=\"mailto:lidiapastuszka@wp.pl\" target=\"_top\" rel=\"noopener noreferrer\"><span style=\"font-size: large;\">lidiapastuszka@wp.pl<\/span><\/a><\/u><\/span><\/p>\n<\/li>\n<li>\n<p><span style=\"font-size: large;\">Harazny Kazimierz 604\u00a0641\u00a0084 <\/span><span style=\"color: #0563c1;\"><u><a href=\"mailto:kazik.harazny@wp.pl\" target=\"_top\" rel=\"noopener noreferrer\"><span style=\"font-size: large;\">kazik.harazny@wp.pl<\/span><\/a><\/u><\/span><\/p>\n<\/li>\n<\/ol>\n<\/li>\n<\/ol>\n<p>&nbsp;<\/p>\n","protected":false},"excerpt":{"rendered":"<p>Sk\u0142ad Zarz\u0105du Stowarzyszenia kadencja na lata 2022 -2026 Zapolska Aurelia \u2013 Prezes Pastuszka Lidia \u2013 V-ce Prezes Hara\u017cny Kazimierz \u2013 V-ce Prezes St\u0119pie\u0144 Maria \u2013 Sekretarz Choda\u0142a Jaros\u0142aw \u2013 Skarbnik Basak Jaros\u0142aw \u2013 Cz\u0142onek Zarz\u0105du G\u00f3rniak Micha\u0142 \u2013 Cz\u0142onek Zarz\u0105du Kawa\u0142ek Tadeusz \u2013 Cz\u0142onek Zarz\u0105du Pawlak Wies\u0142aw \u2013 Cz\u0142onek Zarz\u0105du Turek Jan \u2013 Cz\u0142onek Zarz\u0105du [&hellip;]<\/p>\n","protected":false},"author":1,"featured_media":0,"parent":0,"menu_order":0,"comment_status":"closed","ping_status":"closed","template":"","meta":{"ngg_post_thumbnail":0,"footnotes":""},"class_list":["post-17605","page","type-page","status-publish","hentry"],"_links":{"self":[{"href":"https:\/\/absolwencibaltowa.pl\/index.php?rest_route=\/wp\/v2\/pages\/17605","targetHints":{"allow":["GET"]}}],"collection":[{"href":"https:\/\/absolwencibaltowa.pl\/index.php?rest_route=\/wp\/v2\/pages"}],"about":[{"href":"https:\/\/absolwencibaltowa.pl\/index.php?rest_route=\/wp\/v2\/types\/page"}],"author":[{"embeddable":true,"href":"https:\/\/absolwencibaltowa.pl\/index.php?rest_route=\/wp\/v2\/users\/1"}],"replies":[{"embeddable":true,"href":"https:\/\/absolwencibaltowa.pl\/index.php?rest_route=%2Fwp%2Fv2%2Fcomments&post=17605"}],"version-history":[{"count":0,"href":"https:\/\/absolwencibaltowa.pl\/index.php?rest_route=\/wp\/v2\/pages\/17605\/revisions"}],"wp:attachment":[{"href":"https:\/\/absolwencibaltowa.pl\/index.php?rest_route=%2Fwp%2Fv2%2Fmedia&parent=17605"}],"curies":[{"name":"wp","href":"https:\/\/api.w.org\/{rel}","templated":true}]}}