{"id":172,"date":"2015-07-10T16:19:32","date_gmt":"2015-07-10T14:19:32","guid":{"rendered":"http:\/\/absolwencibaltowa.pl\/?page_id=172"},"modified":"2015-07-10T16:19:32","modified_gmt":"2015-07-10T14:19:32","slug":"darczyncy","status":"publish","type":"page","link":"https:\/\/absolwencibaltowa.pl\/?page_id=172","title":{"rendered":"DARCZY\u0143CY"},"content":{"rendered":"<p>\u00a0Basak Jaros\u0142aw<\/p>\n<p>\u00a0Czarnecki Zdzis\u0142aw<\/p>\n<p>GOMAR Sp.zoo S.K.A. Micha\u0142 G\u00f3rniak Prokurent<\/p>\n<p>\u00a0Grudzie\u0144 Waldemar<\/p>\n<p>\u00a0Hara\u017any Kazimierz<\/p>\n<p>\u00a0Lichocki Lichocki<\/p>\n<p>Kosmala W\u0142odzimierz<\/p>\n<p>Ma\u0142aczek Edmund<\/p>\n<p>Orczykowski Tadeusz<\/p>\n<p>Niebrzydowski Andrzej<\/p>\n<p>Perczak Dorota i Ryszard<\/p>\n<p>Czerwi\u0144ski Kazimierz<\/p>\n<p>\u017byci\u0144ski Krystyna i Marian<\/p>\n<p>Rogowski Stanis\u0142aw<\/p>\n<p>Tyjas\u00a0 Marianna<\/p>\n<p>Por\u0119ba Zofia Henryk<\/p>\n<p>Por\u0119ba Ma\u0142gorzata<\/p>\n<p>Polesiak Jan i Teresa<\/p>\n<p>Polesiak Anna<\/p>\n<p>Kosmala W\u0142adys\u0142aw<\/p>\n<p>Maziarek El\u017cbieta i TADEUSZ<\/p>\n<p>Wandowicz Krystyna<\/p>\n<p>Turek Jan<\/p>\n<p><em><strong>w 2017 roku darczy\u0144cami zostali:<\/strong><\/em><\/p>\n<p><em>G\u00f3rniak Micha\u0142<\/em><\/p>\n<p><em>Niebrzydowski Andrzej<\/em><\/p>\n<p><em>Kosmala W\u0142odzimierz<\/em><\/p>\n<p><em>Lichocki Andrzej<\/em><\/p>\n<p><em>Turek Jan<\/em><\/p>\n<p><em>\u017byci\u0144ski Marian<\/em><\/p>\n<p><em><strong>OFIAR<em>O<\/em>DAWCY 2018<\/strong><\/em><\/p>\n<ol>\n<li style=\"list-style-type: none;\">\n<ol>\n<li><em><strong>Jan Turek<\/strong><\/em><\/li>\n<li><strong><em>Andrzej Lichocki<\/em><\/strong><\/li>\n<li><em><strong>Adam Wies\u0142aw Malicki<\/strong><\/em><\/li>\n<li><em><strong>Henryk Sobo\u0144<\/strong><\/em><\/li>\n<li><em><strong>Danuta Niedzwiecka<\/strong><\/em><\/li>\n<li><em><strong>Pastuszka <\/strong><\/em><em><strong>Lidia<\/strong><\/em><\/li>\n<li><em><strong> Zapolska Aurelia <\/strong><\/em><\/li>\n<li><em><strong>Ba\u0144czerowski Jan<br \/>\n<\/strong><\/em><\/li>\n<li><em><strong>Traczyk -Kami\u0144ska Halina<\/strong><\/em><\/li>\n<li><em><strong>Siwiec Zofia i Zygmunt<\/strong><\/em><\/li>\n<\/ol>\n<\/li>\n<\/ol>\n<p><a href=\"http:\/\/absolwencibaltowa.pl\/wp-content\/uploads\/2015\/07\/LISTA-SPONSOR\u00d3W-DARCZY\u0143C\u00d3W.xls\" target=\"_blank\" rel=\"noopener noreferrer\">Szczeg\u00f3\u0142owa lista do pobrania<\/a><\/p>\n","protected":false},"excerpt":{"rendered":"<p>\u00a0Basak Jaros\u0142aw \u00a0Czarnecki Zdzis\u0142aw GOMAR Sp.zoo S.K.A. Micha\u0142 G\u00f3rniak Prokurent \u00a0Grudzie\u0144 Waldemar \u00a0Hara\u017any Kazimierz \u00a0Lichocki Lichocki Kosmala W\u0142odzimierz Ma\u0142aczek Edmund Orczykowski Tadeusz Niebrzydowski Andrzej Perczak Dorota i Ryszard Czerwi\u0144ski Kazimierz \u017byci\u0144ski Krystyna i Marian Rogowski Stanis\u0142aw Tyjas\u00a0 Marianna Por\u0119ba Zofia Henryk Por\u0119ba Ma\u0142gorzata Polesiak Jan i Teresa Polesiak Anna Kosmala W\u0142adys\u0142aw Maziarek El\u017cbieta i TADEUSZ [&hellip;]<\/p>\n","protected":false},"author":1,"featured_media":0,"parent":0,"menu_order":0,"comment_status":"closed","ping_status":"closed","template":"","meta":{"ngg_post_thumbnail":0,"footnotes":""},"class_list":["post-172","page","type-page","status-publish","hentry"],"_links":{"self":[{"href":"https:\/\/absolwencibaltowa.pl\/index.php?rest_route=\/wp\/v2\/pages\/172","targetHints":{"allow":["GET"]}}],"collection":[{"href":"https:\/\/absolwencibaltowa.pl\/index.php?rest_route=\/wp\/v2\/pages"}],"about":[{"href":"https:\/\/absolwencibaltowa.pl\/index.php?rest_route=\/wp\/v2\/types\/page"}],"author":[{"embeddable":true,"href":"https:\/\/absolwencibaltowa.pl\/index.php?rest_route=\/wp\/v2\/users\/1"}],"replies":[{"embeddable":true,"href":"https:\/\/absolwencibaltowa.pl\/index.php?rest_route=%2Fwp%2Fv2%2Fcomments&post=172"}],"version-history":[{"count":0,"href":"https:\/\/absolwencibaltowa.pl\/index.php?rest_route=\/wp\/v2\/pages\/172\/revisions"}],"wp:attachment":[{"href":"https:\/\/absolwencibaltowa.pl\/index.php?rest_route=%2Fwp%2Fv2%2Fmedia&parent=172"}],"curies":[{"name":"wp","href":"https:\/\/api.w.org\/{rel}","templated":true}]}}