{"id":134,"date":"2015-05-29T16:54:44","date_gmt":"2015-05-29T14:54:44","guid":{"rendered":"http:\/\/absolwencibaltowa.pl\/?page_id=134"},"modified":"2015-05-29T16:54:44","modified_gmt":"2015-05-29T14:54:44","slug":"kronika","status":"publish","type":"page","link":"https:\/\/absolwencibaltowa.pl\/?page_id=134","title":{"rendered":"Kronika"},"content":{"rendered":"<p><b>Szanowni Nauczyciele, Absolwenci i Przyjaciele!<\/b><\/p>\n<p>Tutaj powstaje prowadzona z Wasz\u0105 pomoc\u0105 elektroniczna <b>\u201eKsi\u0119ga Pami\u0105tkowa\u201d <\/b>po\u015bwi\u0119cona:<\/p>\n<ul>\n<li>\n<p>\u017cyciu i dzia\u0142alno\u015bci absolwent\u00f3w i nauczycieli, kt\u00f3rzy swoj\u0105 dzia\u0142alno\u015bci\u0105 w r\u00f3\u017cnych cz\u0119\u015bciach kraju wnie\u015bli do swoich \u015brodowisk wiedz\u0119, kultur\u0119 i umiej\u0119tno\u015bci kt\u00f3re zdobyli w Ba\u0142towie.<\/p>\n<\/li>\n<li>\n<p>aktualnym wydarzeniom z dzia\u0142alno\u015bci stowarzyszenia, kt\u00f3re by\u0107 mo\u017ce tworzy dalszy ci\u0105g historii szko\u0142y rolniczej w Ba\u0142towie i samego Ba\u0142towa.<\/p>\n<\/li>\n<li>\n<p>ludziom, kt\u00f3rzy w r\u00f3\u017cny spos\u00f3b wspieraj\u0105 merytorycznie i finansowo dzia\u0142ania Stowarzyszenia.<\/p>\n<\/li>\n<\/ul>\n<p>Piszcie ! pozostawcie sw\u00f3j \u015blad. Materia\u0142y, kt\u00f3re dostaniemy zamierzamy r\u00f3wnie\u017c wykorzysta\u0107 w II wydaniu Monografii szko\u0142y <span style=\"font-size: small;\"><i>(naturalnie za wasz\u0105 zgod\u0105)<\/i><\/span><span style=\"font-size: small;\">.<\/span><\/p>\n<p>Wszelkie materia\u0142y prosimy przesy\u0142a\u0107 na adresy jak w zak\u0142adce <a href=\"http:\/\/www.absolwencibaltowa.pl\/o-nas\/\"><span style=\"font-size: small;\">\u201eO NAS\u201d<\/span><\/a><\/p>\n<p><b>Z kole\u017ce\u0144skim pozdrowieniem<\/b><\/p>\n<p><b> Zarz\u0105d Stowarzyszenia<\/b><\/p>\n<p><span style=\"font-size: small;\"><i>Je\u017celi otrzymamy od Pani\/Pana wiadomo\u015b\u0107 czy dane, oznacza to, \u017ce mamy zgod\u0119 aby przetwarza\u0107 te dane tylko w zakresie i celu w jaki zosta\u0142y nam przekazane. Administratorem danych osobowych jest Stowarzyszenie Absolwent\u00f3w i Przyjaci\u00f3\u0142 Szk\u00f3\u0142 Rolniczych w Ba\u0142towie \u201ePa\u0142acowe wzg\u00f3rze\u201d<\/i><\/span><span style=\"font-family: Calibri, sans-serif;\"><span style=\"font-size: small;\"><i>, Ba\u0142t\u00f3w 81, 27-423 Ba\u0142t\u00f3w, o numerze NIP: 6612371469 i REGON: 360865280. D<\/i><\/span><\/span><span style=\"font-size: small;\"><i>ane przetwarzane s\u0105 w spos\u00f3b zgodny z prawem i poszanowaniem wszelkich uprawnie\u0144 przyznanych osobom, kt\u00f3rych dane dotycz\u0105, przez obowi\u0105zuj\u0105ce przepisy. Nie przekazujemy danych podmiotom zewn\u0119trznym, nie sprzedajemy baz danych, nie robimy z danymi nic czego Pa\u0144stwo sobie nie \u017cycz\u0105 i zastrzeg\u0105. Informacj\u0119 na ten temat mo\u017cna zawsze uzyska\u0107 u Sekretarza Zarz\u0105du przez kontakt mailowy na adres:\u00a0<\/i><\/span><span style=\"color: #0000ff;\"><u><a href=\"mailto:aureliazapolska@interia.eu\"><i>aureliazapolska@interia.eu<\/i><\/a><\/u><\/span><\/p>\n<p>&nbsp;<\/p>\n","protected":false},"excerpt":{"rendered":"<p>Szanowni Nauczyciele, Absolwenci i Przyjaciele! Tutaj powstaje prowadzona z Wasz\u0105 pomoc\u0105 elektroniczna \u201eKsi\u0119ga Pami\u0105tkowa\u201d po\u015bwi\u0119cona: \u017cyciu i dzia\u0142alno\u015bci absolwent\u00f3w i nauczycieli, kt\u00f3rzy swoj\u0105 dzia\u0142alno\u015bci\u0105 w r\u00f3\u017cnych cz\u0119\u015bciach kraju wnie\u015bli do swoich \u015brodowisk wiedz\u0119, kultur\u0119 i umiej\u0119tno\u015bci kt\u00f3re zdobyli w Ba\u0142towie. aktualnym wydarzeniom z dzia\u0142alno\u015bci stowarzyszenia, kt\u00f3re by\u0107 mo\u017ce tworzy dalszy ci\u0105g historii szko\u0142y rolniczej w [&hellip;]<\/p>\n","protected":false},"author":1,"featured_media":0,"parent":0,"menu_order":0,"comment_status":"closed","ping_status":"closed","template":"","meta":{"ngg_post_thumbnail":0,"footnotes":""},"class_list":["post-134","page","type-page","status-publish","hentry"],"_links":{"self":[{"href":"https:\/\/absolwencibaltowa.pl\/index.php?rest_route=\/wp\/v2\/pages\/134","targetHints":{"allow":["GET"]}}],"collection":[{"href":"https:\/\/absolwencibaltowa.pl\/index.php?rest_route=\/wp\/v2\/pages"}],"about":[{"href":"https:\/\/absolwencibaltowa.pl\/index.php?rest_route=\/wp\/v2\/types\/page"}],"author":[{"embeddable":true,"href":"https:\/\/absolwencibaltowa.pl\/index.php?rest_route=\/wp\/v2\/users\/1"}],"replies":[{"embeddable":true,"href":"https:\/\/absolwencibaltowa.pl\/index.php?rest_route=%2Fwp%2Fv2%2Fcomments&post=134"}],"version-history":[{"count":0,"href":"https:\/\/absolwencibaltowa.pl\/index.php?rest_route=\/wp\/v2\/pages\/134\/revisions"}],"wp:attachment":[{"href":"https:\/\/absolwencibaltowa.pl\/index.php?rest_route=%2Fwp%2Fv2%2Fmedia&parent=134"}],"curies":[{"name":"wp","href":"https:\/\/api.w.org\/{rel}","templated":true}]}}